{"id":25,"date":"2024-04-24T15:42:14","date_gmt":"2024-04-24T13:42:14","guid":{"rendered":"https:\/\/dev.twyst.it\/?post_type=product&#038;p=25"},"modified":"2024-04-24T15:51:58","modified_gmt":"2024-04-24T13:51:58","slug":"cocktailglaeser-set","status":"publish","type":"product","link":"https:\/\/dev.twyst.it\/?product=cocktailglaeser-set","title":{"rendered":"Cocktailgl\u00e4ser Set"},"content":{"rendered":"<p>In 30 Sekunden ist dein Cocktail zubereitet. Einfach Glas in die Maschine, Nummer w\u00e4hlen und Start dr\u00fccken. Nach 30 Sekunden ist dein Cocktail fertig gemixt.<\/p>\n<p>So einfach und schnell hast du noch nie so viele Cocktails zubereitet.<\/p>\n","protected":false},"excerpt":{"rendered":"<p>In 30 Sekunden ist dein Cocktail zubereitet. Einfach Glas in die Maschine, Nummer w\u00e4hlen und Start dr\u00fccken. Nach 30 Sekunden ist dein Cocktail fertig gemixt. So einfach und schnell hast du noch nie so viele Cocktails zubereitet.<\/p>\n","protected":false},"featured_media":26,"comment_status":"open","ping_status":"closed","template":"","meta":[],"product_cat":[15],"product_tag":[],"class_list":{"0":"post-25","1":"product","2":"type-product","3":"status-publish","4":"has-post-thumbnail","6":"product_cat-unkategorisiert","8":"first","9":"instock","10":"taxable","11":"shipping-taxable","12":"purchasable","13":"product-type-simple"},"_links":{"self":[{"href":"https:\/\/dev.twyst.it\/index.php?rest_route=\/wp\/v2\/product\/25","targetHints":{"allow":["GET"]}}],"collection":[{"href":"https:\/\/dev.twyst.it\/index.php?rest_route=\/wp\/v2\/product"}],"about":[{"href":"https:\/\/dev.twyst.it\/index.php?rest_route=\/wp\/v2\/types\/product"}],"replies":[{"embeddable":true,"href":"https:\/\/dev.twyst.it\/index.php?rest_route=%2Fwp%2Fv2%2Fcomments&post=25"}],"wp:featuredmedia":[{"embeddable":true,"href":"https:\/\/dev.twyst.it\/index.php?rest_route=\/wp\/v2\/media\/26"}],"wp:attachment":[{"href":"https:\/\/dev.twyst.it\/index.php?rest_route=%2Fwp%2Fv2%2Fmedia&parent=25"}],"wp:term":[{"taxonomy":"product_cat","embeddable":true,"href":"https:\/\/dev.twyst.it\/index.php?rest_route=%2Fwp%2Fv2%2Fproduct_cat&post=25"},{"taxonomy":"product_tag","embeddable":true,"href":"https:\/\/dev.twyst.it\/index.php?rest_route=%2Fwp%2Fv2%2Fproduct_tag&post=25"}],"curies":[{"name":"wp","href":"https:\/\/api.w.org\/{rel}","templated":true}]}}